{"id":483,"date":"2025-10-22T08:47:35","date_gmt":"2025-10-22T08:47:35","guid":{"rendered":"https:\/\/primetarp.com\/?page_id=483"},"modified":"2025-10-29T12:17:56","modified_gmt":"2025-10-29T12:17:56","slug":"spezialplanen","status":"publish","type":"page","link":"https:\/\/primetarp.com\/de\/special-purpose-tarps\/","title":{"rendered":"Spezialplanen"},"content":{"rendered":"<div data-elementor-type=\"wp-page\" data-elementor-id=\"483\" class=\"elementor elementor-483\">\n\t\t\t\t<div class=\"elementor-element elementor-element-1e069bd e-flex e-con-boxed e-con e-parent\" data-id=\"1e069bd\" data-element_type=\"container\" data-e-type=\"container\" data-settings=\"{&quot;jet_parallax_layout_list&quot;:[]}\">\n\t\t\t\t\t<div class=\"e-con-inner\">\n\t\t<div class=\"elementor-element elementor-element-0c4cd73 e-flex e-con-boxed e-con e-child\" data-id=\"0c4cd73\" data-element_type=\"container\" data-e-type=\"container\" data-settings=\"{&quot;background_background&quot;:&quot;classic&quot;,&quot;jet_parallax_layout_list&quot;:[]}\">\n\t\t\t\t\t<div class=\"e-con-inner\">\n\t\t<div class=\"elementor-element elementor-element-070dcc2 e-flex e-con-boxed e-con e-child\" data-id=\"070dcc2\" data-element_type=\"container\" data-e-type=\"container\" data-settings=\"{&quot;jet_parallax_layout_list&quot;:[]}\">\n\t\t\t\t\t<div class=\"e-con-inner\">\n\t\t\t\t<div class=\"elementor-element elementor-element-78f382e elementor-widget elementor-widget-heading\" data-id=\"78f382e\" data-element_type=\"widget\" data-e-type=\"widget\" data-widget_type=\"heading.default\">\n\t\t\t\t\t<h2 class=\"elementor-heading-title elementor-size-default\"><span class=\"ez-toc-section\" id=\"Leading_Tarpaulin_manufacturer_in_Vietnam\"><\/span>F\u00fchrender Planenhersteller in Vietnam<span class=\"ez-toc-section-end\"><\/span><\/h2>\t\t\t\t<\/div>\n\t\t\t\t<div class=\"elementor-element elementor-element-86b01ff elementor-widget elementor-widget-text-editor\" data-id=\"86b01ff\" data-element_type=\"widget\" data-e-type=\"widget\" data-widget_type=\"text-editor.default\">\n\t\t\t\t\t\t\t\t\t<p>New Prime Inc. ist Ihr vertrauensw\u00fcrdiger Partner f\u00fcr hochwertige PE\/PVC-Planen, hergestellt in unserer unter koreanischer Leitung gef\u00fchrten Produktionsst\u00e4tte in Vietnam.<br \/>Wir bieten erstklassigen Mehrwert durch sorgf\u00e4ltiges Qualit\u00e4tsmanagement und wettbewerbsf\u00e4hige Preise.<\/p>\t\t\t\t\t\t\t\t<\/div>\n\t\t<div class=\"elementor-element elementor-element-f80cd60 blur_container e-flex e-con-boxed e-con e-child\" data-id=\"f80cd60\" data-element_type=\"container\" data-e-type=\"container\" data-settings=\"{&quot;background_background&quot;:&quot;classic&quot;,&quot;jet_parallax_layout_list&quot;:[]}\">\n\t\t\t\t\t<div class=\"e-con-inner\">\n\t\t\t\t<div class=\"elementor-element elementor-element-fdb5910 elementor-icon-list--layout-traditional elementor-list-item-link-full_width elementor-widget elementor-widget-icon-list\" data-id=\"fdb5910\" data-element_type=\"widget\" data-e-type=\"widget\" data-widget_type=\"icon-list.default\">\n\t\t\t\t\t\t\t<ul class=\"elementor-icon-list-items\">\n\t\t\t\t\t\t\t<li class=\"elementor-icon-list-item\">\n\t\t\t\t\t\t\t\t\t\t\t<span class=\"elementor-icon-list-icon\">\n\t\t\t\t\t\t\t<svg xmlns=\"http:\/\/www.w3.org\/2000\/svg\" width=\"20\" height=\"20\" viewbox=\"0 0 20 20\" fill=\"none\"><path d=\"M8.83333 13.5L14.7083 7.625L13.5417 6.45833L8.83333 11.1667L6.45833 8.79167L5.29167 9.95833L8.83333 13.5ZM4.16667 17.5C3.70833 17.5 3.31611 17.3369 2.99 17.0108C2.66389 16.6847 2.50056 16.2922 2.5 15.8333V4.16667C2.5 3.70833 2.66333 3.31611 2.99 2.99C3.31667 2.66389 3.70889 2.50056 4.16667 2.5H15.8333C16.2917 2.5 16.6842 2.66333 17.0108 2.99C17.3375 3.31667 17.5006 3.70889 17.5 4.16667V15.8333C17.5 16.2917 17.3369 16.6842 17.0108 17.0108C16.6847 17.3375 16.2922 17.5006 15.8333 17.5H4.16667Z\" fill=\"#1277C0\"><\/path><\/svg>\t\t\t\t\t\t<\/span>\n\t\t\t\t\t\t\t\t\t\t<span class=\"elementor-icon-list-text\">Vollst\u00e4ndige Anpassung nach Ihren exakten Spezifikationen<\/span>\n\t\t\t\t\t\t\t\t\t<\/li>\n\t\t\t\t\t\t\t\t<li class=\"elementor-icon-list-item\">\n\t\t\t\t\t\t\t\t\t\t\t<span class=\"elementor-icon-list-icon\">\n\t\t\t\t\t\t\t<svg xmlns=\"http:\/\/www.w3.org\/2000\/svg\" width=\"20\" height=\"20\" viewbox=\"0 0 20 20\" fill=\"none\"><path d=\"M8.83333 13.5L14.7083 7.625L13.5417 6.45833L8.83333 11.1667L6.45833 8.79167L5.29167 9.95833L8.83333 13.5ZM4.16667 17.5C3.70833 17.5 3.31611 17.3369 2.99 17.0108C2.66389 16.6847 2.50056 16.2922 2.5 15.8333V4.16667C2.5 3.70833 2.66333 3.31611 2.99 2.99C3.31667 2.66389 3.70889 2.50056 4.16667 2.5H15.8333C16.2917 2.5 16.6842 2.66333 17.0108 2.99C17.3375 3.31667 17.5006 3.70889 17.5 4.16667V15.8333C17.5 16.2917 17.3369 16.6842 17.0108 17.0108C16.6847 17.3375 16.2922 17.5006 15.8333 17.5H4.16667Z\" fill=\"#1277C0\"><\/path><\/svg>\t\t\t\t\t\t<\/span>\n\t\t\t\t\t\t\t\t\t\t<span class=\"elementor-icon-list-text\">OEM\/ODM-Produktion in Vietnam<\/span>\n\t\t\t\t\t\t\t\t\t<\/li>\n\t\t\t\t\t\t\t\t<li class=\"elementor-icon-list-item\">\n\t\t\t\t\t\t\t\t\t\t\t<span class=\"elementor-icon-list-icon\">\n\t\t\t\t\t\t\t<svg xmlns=\"http:\/\/www.w3.org\/2000\/svg\" width=\"20\" height=\"20\" viewbox=\"0 0 20 20\" fill=\"none\"><path d=\"M8.83333 13.5L14.7083 7.625L13.5417 6.45833L8.83333 11.1667L6.45833 8.79167L5.29167 9.95833L8.83333 13.5ZM4.16667 17.5C3.70833 17.5 3.31611 17.3369 2.99 17.0108C2.66389 16.6847 2.50056 16.2922 2.5 15.8333V4.16667C2.5 3.70833 2.66333 3.31611 2.99 2.99C3.31667 2.66389 3.70889 2.50056 4.16667 2.5H15.8333C16.2917 2.5 16.6842 2.66333 17.0108 2.99C17.3375 3.31667 17.5006 3.70889 17.5 4.16667V15.8333C17.5 16.2917 17.3369 16.6842 17.0108 17.0108C16.6847 17.3375 16.2922 17.5006 15.8333 17.5H4.16667Z\" fill=\"#1277C0\"><\/path><\/svg>\t\t\t\t\t\t<\/span>\n\t\t\t\t\t\t\t\t\t\t<span class=\"elementor-icon-list-text\">Kosteneffiziente L\u00f6sungen mit niedriger Mindestbestellmenge (MOQ)<\/span>\n\t\t\t\t\t\t\t\t\t<\/li>\n\t\t\t\t\t\t\t\t<li class=\"elementor-icon-list-item\">\n\t\t\t\t\t\t\t\t\t\t\t<span class=\"elementor-icon-list-icon\">\n\t\t\t\t\t\t\t<svg xmlns=\"http:\/\/www.w3.org\/2000\/svg\" width=\"20\" height=\"20\" viewbox=\"0 0 20 20\" fill=\"none\"><path d=\"M8.83333 13.5L14.7083 7.625L13.5417 6.45833L8.83333 11.1667L6.45833 8.79167L5.29167 9.95833L8.83333 13.5ZM4.16667 17.5C3.70833 17.5 3.31611 17.3369 2.99 17.0108C2.66389 16.6847 2.50056 16.2922 2.5 15.8333V4.16667C2.5 3.70833 2.66333 3.31611 2.99 2.99C3.31667 2.66389 3.70889 2.50056 4.16667 2.5H15.8333C16.2917 2.5 16.6842 2.66333 17.0108 2.99C17.3375 3.31667 17.5006 3.70889 17.5 4.16667V15.8333C17.5 16.2917 17.3369 16.6842 17.0108 17.0108C16.6847 17.3375 16.2922 17.5006 15.8333 17.5H4.16667Z\" fill=\"#1277C0\"><\/path><\/svg>\t\t\t\t\t\t<\/span>\n\t\t\t\t\t\t\t\t\t\t<span class=\"elementor-icon-list-text\">Premium PE\/PVC-Planen<\/span>\n\t\t\t\t\t\t\t\t\t<\/li>\n\t\t\t\t\t\t<\/ul>\n\t\t\t\t\t\t<\/div>\n\t\t\t\t\t<\/div>\n\t\t\t\t<\/div>\n\t\t\t\t<div class=\"elementor-element elementor-element-09b65e1 elementor-widget elementor-widget-button\" data-id=\"09b65e1\" data-element_type=\"widget\" data-e-type=\"widget\" data-widget_type=\"button.default\">\n\t\t\t\t\t\t\t\t\t\t<a class=\"elementor-button elementor-button-link elementor-size-sm\" href=\"\/de\/kontakt\/\">\n\t\t\t\t\t\t<span class=\"elementor-button-content-wrapper\">\n\t\t\t\t\t\t\t\t\t<span class=\"elementor-button-text\">Kontakt<\/span>\n\t\t\t\t\t<\/span>\n\t\t\t\t\t<\/a>\n\t\t\t\t\t\t\t\t<\/div>\n\t\t\t\t\t<\/div>\n\t\t\t\t<\/div>\n\t\t\t\t\t<\/div>\n\t\t\t\t<\/div>\n\t\t\t\t\t<\/div>\n\t\t\t\t<\/div>\n\t\t<div class=\"elementor-element elementor-element-35e195e e-flex e-con-boxed e-con e-parent\" data-id=\"35e195e\" data-element_type=\"container\" data-e-type=\"container\" data-settings=\"{&quot;jet_parallax_layout_list&quot;:[]}\">\n\t\t\t\t\t<div class=\"e-con-inner\">\n\t\t<div class=\"elementor-element elementor-element-b7a7199 e-con-full e-flex e-con e-child\" data-id=\"b7a7199\" data-element_type=\"container\" data-e-type=\"container\" data-settings=\"{&quot;jet_parallax_layout_list&quot;:[]}\">\n\t\t\t\t<div class=\"elementor-element elementor-element-2d85f95 elementor-widget elementor-widget-heading\" data-id=\"2d85f95\" data-element_type=\"widget\" data-e-type=\"widget\" data-widget_type=\"heading.default\">\n\t\t\t\t\t<h2 class=\"elementor-heading-title elementor-size-default\"><span class=\"ez-toc-section\" id=\"Products\"><\/span>Produkte<span class=\"ez-toc-section-end\"><\/span><\/h2>\t\t\t\t<\/div>\n\t\t\t\t<div class=\"elementor-element elementor-element-fff808c elementor-widget elementor-widget-eael-breadcrumbs\" data-id=\"fff808c\" data-element_type=\"widget\" data-e-type=\"widget\" data-widget_type=\"eael-breadcrumbs.default\">\n\t\t\t\t<div class=\"elementor-widget-container\">\n\t\t\t\t\t\t\t<div class=\"eael-breadcrumbs\">\n\t\t\t<div class=\"eael-breadcrumbs__content\"><a href=\"https:\/\/primetarp.com\/de\">Startseite<\/a> <span class=\"eael-breadcrumb-separator\">\/<\/span> <span class = \"eael-current\">Seite<\/span><\/div>\t\t<\/div>\n\t\t\t\t\t\t<\/div>\n\t\t\t\t<\/div>\n\t\t\t\t<\/div>\n\t\t\t\t<div class=\"elementor-element elementor-element-291bedf elementor-widget-divider--view-line elementor-widget elementor-widget-divider\" data-id=\"291bedf\" data-element_type=\"widget\" data-e-type=\"widget\" data-widget_type=\"divider.default\">\n\t\t\t\t\t\t\t<div class=\"elementor-divider\">\n\t\t\t<span class=\"elementor-divider-separator\">\n\t\t\t\t\t\t<\/span>\n\t\t<\/div>\n\t\t\t\t\t\t<\/div>\n\t\t\t\t\t<\/div>\n\t\t\t\t<\/div>\n\t\t<div class=\"elementor-element elementor-element-1058552 e-flex e-con-boxed e-con e-parent\" data-id=\"1058552\" data-element_type=\"container\" data-e-type=\"container\" data-settings=\"{&quot;jet_parallax_layout_list&quot;:[]}\">\n\t\t\t\t\t<div class=\"e-con-inner\">\n\t\t<div class=\"elementor-element elementor-element-a2cb8ff e-con-full e-flex e-con e-child\" data-id=\"a2cb8ff\" data-element_type=\"container\" data-e-type=\"container\" data-settings=\"{&quot;jet_parallax_layout_list&quot;:[]}\">\n\t\t<div class=\"elementor-element elementor-element-4c9b153 e-con-full e-flex e-con e-child\" data-id=\"4c9b153\" data-element_type=\"container\" data-e-type=\"container\" data-settings=\"{&quot;jet_parallax_layout_list&quot;:[]}\">\n\t\t<div class=\"elementor-element elementor-element-3cb4ab3 e-con-full e-flex e-con e-child\" data-id=\"3cb4ab3\" data-element_type=\"container\" data-e-type=\"container\" data-settings=\"{&quot;jet_parallax_layout_list&quot;:[]}\">\n\t\t<div class=\"elementor-element elementor-element-c3c2a0f e-con-full e-flex e-con e-child\" data-id=\"c3c2a0f\" data-element_type=\"container\" data-e-type=\"container\" data-settings=\"{&quot;jet_parallax_layout_list&quot;:[]}\">\n\t\t\t\t<div class=\"elementor-element elementor-element-1a9638c elementor-widget elementor-widget-image\" data-id=\"1a9638c\" data-element_type=\"widget\" data-e-type=\"widget\" data-widget_type=\"image.default\">\n\t\t\t\t\t\t\t\t\t\t\t\t\t\t\t<img fetchpriority=\"high\" decoding=\"async\" width=\"442\" height=\"352\" src=\"https:\/\/primetarp.com\/wp-content\/uploads\/2025\/10\/Frame-15.png\" class=\"attachment-full size-full wp-image-496\" alt=\"Hochsichtbare, schwere Gewebeplane\" srcset=\"https:\/\/primetarp.com\/wp-content\/uploads\/2025\/10\/Frame-15.png 442w, https:\/\/primetarp.com\/wp-content\/uploads\/2025\/10\/Frame-15-300x239.png 300w\" sizes=\"(max-width: 442px) 100vw, 442px\" title=\"\">\t\t\t\t\t\t\t\t\t\t\t\t\t\t\t<\/div>\n\t\t\t\t<\/div>\n\t\t<div class=\"elementor-element elementor-element-2dc8cd3 e-con-full e-flex e-con e-child\" data-id=\"2dc8cd3\" data-element_type=\"container\" data-e-type=\"container\" data-settings=\"{&quot;jet_parallax_layout_list&quot;:[]}\">\n\t\t\t\t<div class=\"elementor-element elementor-element-ebcadb9 elementor-widget elementor-widget-heading\" data-id=\"ebcadb9\" data-element_type=\"widget\" data-e-type=\"widget\" data-widget_type=\"heading.default\">\n\t\t\t\t\t<h2 class=\"elementor-heading-title elementor-size-default\"><span class=\"ez-toc-section\" id=\"HI-Visibility_TARPS\"><\/span>Warnschutz-Planen<span class=\"ez-toc-section-end\"><\/span><\/h2>\t\t\t\t<\/div>\n\t\t\t\t<div class=\"elementor-element elementor-element-3b9a772 elementor-widget elementor-widget-text-editor\" data-id=\"3b9a772\" data-element_type=\"widget\" data-e-type=\"widget\" data-widget_type=\"text-editor.default\">\n\t\t\t\t\t\t\t\t\t<p>Gewicht: 200 g\/m\u00b2 (\u00b15 %)<br \/>Gewebedichte: 14\u00d714 pro Quadratzoll<\/p>\t\t\t\t\t\t\t\t<\/div>\n\t\t\t\t<div class=\"elementor-element elementor-element-3d82251 elementor-widget elementor-widget-button\" data-id=\"3d82251\" data-element_type=\"widget\" data-e-type=\"widget\" data-widget_type=\"button.default\">\n\t\t\t\t\t\t\t\t\t\t<a class=\"elementor-button elementor-button-link elementor-size-sm\" href=\"\/de\/hochsichtbare-schwere-gewebeplane\/\" target=\"_blank\">\n\t\t\t\t\t\t<span class=\"elementor-button-content-wrapper\">\n\t\t\t\t\t\t\t\t\t<span class=\"elementor-button-text\">Mehr erfahren<\/span>\n\t\t\t\t\t<\/span>\n\t\t\t\t\t<\/a>\n\t\t\t\t\t\t\t\t<\/div>\n\t\t\t\t<\/div>\n\t\t\t\t<\/div>\n\t\t<div class=\"elementor-element elementor-element-b16d0ab e-con-full e-flex e-con e-child\" data-id=\"b16d0ab\" data-element_type=\"container\" data-e-type=\"container\" data-settings=\"{&quot;jet_parallax_layout_list&quot;:[]}\">\n\t\t<div class=\"elementor-element elementor-element-9bd7f8f e-con-full e-flex e-con e-child\" data-id=\"9bd7f8f\" data-element_type=\"container\" data-e-type=\"container\" data-settings=\"{&quot;jet_parallax_layout_list&quot;:[]}\">\n\t\t\t\t<div class=\"elementor-element elementor-element-d08a1bf elementor-widget elementor-widget-image\" data-id=\"d08a1bf\" data-element_type=\"widget\" data-e-type=\"widget\" data-widget_type=\"image.default\">\n\t\t\t\t\t\t\t\t\t\t\t\t\t\t\t<img decoding=\"async\" width=\"442\" height=\"352\" src=\"https:\/\/primetarp.com\/wp-content\/uploads\/2025\/10\/Frame-15-1.png\" class=\"attachment-full size-full wp-image-495\" alt=\"Striped Tarp\" srcset=\"https:\/\/primetarp.com\/wp-content\/uploads\/2025\/10\/Frame-15-1.png 442w, https:\/\/primetarp.com\/wp-content\/uploads\/2025\/10\/Frame-15-1-300x239.png 300w\" sizes=\"(max-width: 442px) 100vw, 442px\" title=\"\">\t\t\t\t\t\t\t\t\t\t\t\t\t\t\t<\/div>\n\t\t\t\t<\/div>\n\t\t<div class=\"elementor-element elementor-element-e5b4a55 e-con-full e-flex e-con e-child\" data-id=\"e5b4a55\" data-element_type=\"container\" data-e-type=\"container\" data-settings=\"{&quot;jet_parallax_layout_list&quot;:[]}\">\n\t\t\t\t<div class=\"elementor-element elementor-element-12882c4 elementor-widget elementor-widget-heading\" data-id=\"12882c4\" data-element_type=\"widget\" data-e-type=\"widget\" data-widget_type=\"heading.default\">\n\t\t\t\t\t<h2 class=\"elementor-heading-title elementor-size-default\"><span class=\"ez-toc-section\" id=\"STRIPE_TARPAULIN\"><\/span>Gestreifte Planen<span class=\"ez-toc-section-end\"><\/span><\/h2>\t\t\t\t<\/div>\n\t\t\t\t<div class=\"elementor-element elementor-element-b8fc7e9 elementor-widget elementor-widget-text-editor\" data-id=\"b8fc7e9\" data-element_type=\"widget\" data-e-type=\"widget\" data-widget_type=\"text-editor.default\">\n\t\t\t\t\t\t\t\t\t<p>Gewicht: 170 g\/m\u00b2 (\u00b15 %)<br \/>Gewebedichte: 14\u00d714 pro Quadratzoll<\/p>\t\t\t\t\t\t\t\t<\/div>\n\t\t\t\t<div class=\"elementor-element elementor-element-1078bd7 elementor-widget elementor-widget-button\" data-id=\"1078bd7\" data-element_type=\"widget\" data-e-type=\"widget\" data-widget_type=\"button.default\">\n\t\t\t\t\t\t\t\t\t\t<a class=\"elementor-button elementor-button-link elementor-size-sm\" href=\"\/de\/gestreifte-pe-gewebeplanen\/\" target=\"_blank\">\n\t\t\t\t\t\t<span class=\"elementor-button-content-wrapper\">\n\t\t\t\t\t\t\t\t\t<span class=\"elementor-button-text\">Mehr erfahren<\/span>\n\t\t\t\t\t<\/span>\n\t\t\t\t\t<\/a>\n\t\t\t\t\t\t\t\t<\/div>\n\t\t\t\t<\/div>\n\t\t\t\t<\/div>\n\t\t<div class=\"elementor-element elementor-element-ea65917 e-con-full e-flex e-con e-child\" data-id=\"ea65917\" data-element_type=\"container\" data-e-type=\"container\" data-settings=\"{&quot;jet_parallax_layout_list&quot;:[]}\">\n\t\t<div class=\"elementor-element elementor-element-779ab3b e-con-full e-flex e-con e-child\" data-id=\"779ab3b\" data-element_type=\"container\" data-e-type=\"container\" data-settings=\"{&quot;jet_parallax_layout_list&quot;:[]}\">\n\t\t\t\t<div class=\"elementor-element elementor-element-f4ed42d elementor-widget elementor-widget-image\" data-id=\"f4ed42d\" data-element_type=\"widget\" data-e-type=\"widget\" data-widget_type=\"image.default\">\n\t\t\t\t\t\t\t\t\t\t\t\t\t\t\t<img decoding=\"async\" width=\"442\" height=\"352\" src=\"https:\/\/primetarp.com\/wp-content\/uploads\/2025\/10\/Frame-15-2.png\" class=\"attachment-full size-full wp-image-494\" alt=\"palettenhauben\" srcset=\"https:\/\/primetarp.com\/wp-content\/uploads\/2025\/10\/Frame-15-2.png 442w, https:\/\/primetarp.com\/wp-content\/uploads\/2025\/10\/Frame-15-2-300x239.png 300w\" sizes=\"(max-width: 442px) 100vw, 442px\" title=\"\">\t\t\t\t\t\t\t\t\t\t\t\t\t\t\t<\/div>\n\t\t\t\t<\/div>\n\t\t<div class=\"elementor-element elementor-element-4a78a79 e-con-full e-flex e-con e-child\" data-id=\"4a78a79\" data-element_type=\"container\" data-e-type=\"container\" data-settings=\"{&quot;jet_parallax_layout_list&quot;:[]}\">\n\t\t\t\t<div class=\"elementor-element elementor-element-06ee917 elementor-widget elementor-widget-heading\" data-id=\"06ee917\" data-element_type=\"widget\" data-e-type=\"widget\" data-widget_type=\"heading.default\">\n\t\t\t\t\t<h2 class=\"elementor-heading-title elementor-size-default\"><span class=\"ez-toc-section\" id=\"PALLET_COVERS\"><\/span>Palettenhauben<span class=\"ez-toc-section-end\"><\/span><\/h2>\t\t\t\t<\/div>\n\t\t\t\t<div class=\"elementor-element elementor-element-0d16948 elementor-widget elementor-widget-text-editor\" data-id=\"0d16948\" data-element_type=\"widget\" data-e-type=\"widget\" data-widget_type=\"text-editor.default\">\n\t\t\t\t\t\t\t\t\t<p>Gewicht: 140 g\/m\u00b2 (\u00b15 %)<br \/>Gewebedichte: 12\u00d712 pro Quadratzoll<\/p>\t\t\t\t\t\t\t\t<\/div>\n\t\t\t\t<div class=\"elementor-element elementor-element-72243ef elementor-widget elementor-widget-button\" data-id=\"72243ef\" data-element_type=\"widget\" data-e-type=\"widget\" data-widget_type=\"button.default\">\n\t\t\t\t\t\t\t\t\t\t<a class=\"elementor-button elementor-button-link elementor-size-sm\" href=\"\/de\/palettenhauben\/\" target=\"_blank\">\n\t\t\t\t\t\t<span class=\"elementor-button-content-wrapper\">\n\t\t\t\t\t\t\t\t\t<span class=\"elementor-button-text\">Mehr erfahren<\/span>\n\t\t\t\t\t<\/span>\n\t\t\t\t\t<\/a>\n\t\t\t\t\t\t\t\t<\/div>\n\t\t\t\t<\/div>\n\t\t\t\t<\/div>\n\t\t<div class=\"elementor-element elementor-element-a26ed2f e-con-full e-flex e-con e-child\" data-id=\"a26ed2f\" data-element_type=\"container\" data-e-type=\"container\" data-settings=\"{&quot;jet_parallax_layout_list&quot;:[]}\">\n\t\t<div class=\"elementor-element elementor-element-87b1a51 e-con-full e-flex e-con e-child\" data-id=\"87b1a51\" data-element_type=\"container\" data-e-type=\"container\" data-settings=\"{&quot;jet_parallax_layout_list&quot;:[]}\">\n\t\t\t\t<div class=\"elementor-element elementor-element-a85e6b1 elementor-widget elementor-widget-image\" data-id=\"a85e6b1\" data-element_type=\"widget\" data-e-type=\"widget\" data-widget_type=\"image.default\">\n\t\t\t\t\t\t\t\t\t\t\t\t\t\t\t<img loading=\"lazy\" decoding=\"async\" width=\"442\" height=\"352\" src=\"https:\/\/primetarp.com\/wp-content\/uploads\/2025\/10\/Frame-15-3.png\" class=\"attachment-full size-full wp-image-493\" alt=\"gartenplane\" srcset=\"https:\/\/primetarp.com\/wp-content\/uploads\/2025\/10\/Frame-15-3.png 442w, https:\/\/primetarp.com\/wp-content\/uploads\/2025\/10\/Frame-15-3-300x239.png 300w\" sizes=\"(max-width: 442px) 100vw, 442px\" title=\"\">\t\t\t\t\t\t\t\t\t\t\t\t\t\t\t<\/div>\n\t\t\t\t<\/div>\n\t\t<div class=\"elementor-element elementor-element-1627ae6 e-con-full e-flex e-con e-child\" data-id=\"1627ae6\" data-element_type=\"container\" data-e-type=\"container\" data-settings=\"{&quot;jet_parallax_layout_list&quot;:[]}\">\n\t\t\t\t<div class=\"elementor-element elementor-element-4e93cc5 elementor-widget elementor-widget-heading\" data-id=\"4e93cc5\" data-element_type=\"widget\" data-e-type=\"widget\" data-widget_type=\"heading.default\">\n\t\t\t\t\t<h2 class=\"elementor-heading-title elementor-size-default\"><span class=\"ez-toc-section\" id=\"YARD_TARPAULIN\"><\/span>Allzweckplanen<span class=\"ez-toc-section-end\"><\/span><\/h2>\t\t\t\t<\/div>\n\t\t\t\t<div class=\"elementor-element elementor-element-800dcfb elementor-widget elementor-widget-text-editor\" data-id=\"800dcfb\" data-element_type=\"widget\" data-e-type=\"widget\" data-widget_type=\"text-editor.default\">\n\t\t\t\t\t\t\t\t\t<p>Gewicht: 185 g\/m\u00b2 (\u00b15 %)<br \/>UV-Best\u00e4ndigkeit<\/p>\t\t\t\t\t\t\t\t<\/div>\n\t\t\t\t<div class=\"elementor-element elementor-element-4febad0 elementor-widget elementor-widget-button\" data-id=\"4febad0\" data-element_type=\"widget\" data-e-type=\"widget\" data-widget_type=\"button.default\">\n\t\t\t\t\t\t\t\t\t\t<a class=\"elementor-button elementor-button-link elementor-size-sm\" href=\"\/de\/schwere-gartenplanen\/\" target=\"_blank\">\n\t\t\t\t\t\t<span class=\"elementor-button-content-wrapper\">\n\t\t\t\t\t\t\t\t\t<span class=\"elementor-button-text\">Mehr erfahren<\/span>\n\t\t\t\t\t<\/span>\n\t\t\t\t\t<\/a>\n\t\t\t\t\t\t\t\t<\/div>\n\t\t\t\t<\/div>\n\t\t\t\t<\/div>\n\t\t\t\t<\/div>\n\t\t<div class=\"elementor-element elementor-element-05bd7f5 e-con-full elementor-hidden-mobile e-flex e-con e-child\" data-id=\"05bd7f5\" data-element_type=\"container\" data-e-type=\"container\" data-settings=\"{&quot;background_background&quot;:&quot;classic&quot;,&quot;jet_parallax_layout_list&quot;:[]}\">\n\t\t\t\t<div class=\"elementor-element elementor-element-8b68719 elementor-widget elementor-widget-heading\" data-id=\"8b68719\" data-element_type=\"widget\" data-e-type=\"widget\" data-widget_type=\"heading.default\">\n\t\t\t\t\t<h3 class=\"elementor-heading-title elementor-size-default\"><span class=\"ez-toc-section\" id=\"Related_products\"><\/span>\u00c4hnliche Produkte<span class=\"ez-toc-section-end\"><\/span><\/h3>\t\t\t\t<\/div>\n\t\t\t\t<div class=\"elementor-element elementor-element-219be36 elementor-widget elementor-widget-text-editor\" data-id=\"219be36\" data-element_type=\"widget\" data-e-type=\"widget\" data-widget_type=\"text-editor.default\">\n\t\t\t\t\t\t\t\t\t<ul><li><a href=\"\/de\/products\/extrem-belastbare-gewebeplanen\/\">Extrem belastbare Gewebeplanen<\/a><\/li><li><a href=\"\/de\/products\/mittelschwere-schwere-pe-gewebeplanen\/\">Mittelschwere &amp; schwere Gewebeplanen<\/a><\/li><li><a href=\"\/de\/products\/transparente-leno-planen-geruestschutzplanen\/\">Gitterplanen \/ Ger\u00fcstschutzplanen<\/a><\/li><li><a href=\"\/de\/products\/extrem-belastbare-pvc-planen\/\">PVC-Planen<\/a><\/li><li><a href=\"\/de\/products\/hochsichtbare-schwere-gewebeplane\/\">Warnschutz-Planen<\/a><\/li><li><a href=\"\/de\/products\/gestreifte-pe-gewebeplanen\/\">Gestreifte Planen<\/a><\/li><li><a href=\"\/de\/products\/palettenhauben\/\">Palettenhauben<\/a><\/li><li><a href=\"\/de\/schwere-gartenplanen\/\">Allzweckplanen<\/a><\/li><li><a href=\"\/de\/products\/rollenplanen\/\">Rollenware<\/a><\/li><li><a href=\"\/de\/products\/zubehoer\/\">Zubeh\u00f6r &amp; Zusatzmaterialien<\/a><\/li><li><a href=\"\/de\/pe-pp-saecke\/\">PE \/ PP-S\u00e4cke<\/a><\/li><li><a href=\"\/de\/products\/pp-unkrautvlies\/\">PP-Unkrautvlies<\/a><\/li><li><a href=\"\/de\/products\/pe-sicherheitszaun\/\">PE-Schutzzaun \/ Fangzaun<\/a><\/li><\/ul>\t\t\t\t\t\t\t\t<\/div>\n\t\t\t\t<\/div>\n\t\t\t\t<\/div>\n\t\t\t\t\t<\/div>\n\t\t\t\t<\/div>\n\t\t\t\t<\/div>","protected":false},"excerpt":{"rendered":"<p>Leading Tarpaulin manufacturer in Vietnam New Prime Inc. is your trusted partner for high-quality PE\/PVC tarpaulins, manufactured in our Korean-managed facility in Vietnam.We deliver superior value through meticulous quality management and competitive pricing. Full customization to your precise specifications OEM\/ODM production in Vietnam Cost-effective solutions with low MOQ Premium PE\/PVC tarpaulins Contact Us Products Home [&hellip;]<\/p>\n","protected":false},"author":1,"featured_media":0,"parent":0,"menu_order":0,"comment_status":"closed","ping_status":"closed","template":"","meta":{"footnotes":""},"class_list":["post-483","page","type-page","status-publish","hentry"],"_links":{"self":[{"href":"https:\/\/primetarp.com\/de\/wp-json\/wp\/v2\/pages\/483","targetHints":{"allow":["GET"]}}],"collection":[{"href":"https:\/\/primetarp.com\/de\/wp-json\/wp\/v2\/pages"}],"about":[{"href":"https:\/\/primetarp.com\/de\/wp-json\/wp\/v2\/types\/page"}],"author":[{"embeddable":true,"href":"https:\/\/primetarp.com\/de\/wp-json\/wp\/v2\/users\/1"}],"replies":[{"embeddable":true,"href":"https:\/\/primetarp.com\/de\/wp-json\/wp\/v2\/comments?post=483"}],"version-history":[{"count":72,"href":"https:\/\/primetarp.com\/de\/wp-json\/wp\/v2\/pages\/483\/revisions"}],"predecessor-version":[{"id":1899,"href":"https:\/\/primetarp.com\/de\/wp-json\/wp\/v2\/pages\/483\/revisions\/1899"}],"wp:attachment":[{"href":"https:\/\/primetarp.com\/de\/wp-json\/wp\/v2\/media?parent=483"}],"curies":[{"name":"wp","href":"https:\/\/api.w.org\/{rel}","templated":true}]}}